{"id":1607,"date":"2016-03-22T21:43:05","date_gmt":"2016-03-23T01:43:05","guid":{"rendered":"https:\/\/bovin.qc.ca\/?page_id=1607&#038;lang=en"},"modified":"2025-06-18T11:28:00","modified_gmt":"2025-06-18T15:28:00","slug":"2014-2","status":"publish","type":"page","link":"https:\/\/bovin.qc.ca\/en\/publications\/archives\/2014-2\/","title":{"rendered":"2014"},"content":{"rendered":"<h2>Production sectors<\/h2>\n<h3>Feeder calf (Sales circuit)<\/h3>\n<p>+ Info-Circuit 2013-2014<\/p>\n<p>+ The Quebec Feeder Calf Auctions Circuit 2013-2014<\/p>\n<p>+ Vaccination Declaration 2013-2014<\/p>\n<h2><strong>Cahiers <em>Bovins du Qu\u00e9bec<\/em><\/strong><\/h2>\n<p>Int\u00e9gr\u00e9s \u00e0 la <em><a href=\"https:\/\/laterrekiosk.milibris.com\/\" target=\"_blank\" rel=\"noopener\"><strong>Terre de chez nous<\/strong><\/a><\/em><\/p>\n<p><a href=\"https:\/\/www.laterre.ca\/magazine\/bovins-du-quebec-2014-11-05\" target=\"_blank\" rel=\"noopener\"><img loading=\"lazy\" decoding=\"async\" class=\"alignnone wp-image-10196 size-medium\" src=\"https:\/\/bovin.qc.ca\/wp-content\/uploads\/2020\/07\/Bovins_Quebec_Automne2014-222x300.jpg\" alt=\"\" width=\"222\" height=\"300\" srcset=\"https:\/\/bovin.qc.ca\/wp-content\/uploads\/2020\/07\/Bovins_Quebec_Automne2014-222x300.jpg 222w, https:\/\/bovin.qc.ca\/wp-content\/uploads\/2020\/07\/Bovins_Quebec_Automne2014-95x128.jpg 95w, https:\/\/bovin.qc.ca\/wp-content\/uploads\/2020\/07\/Bovins_Quebec_Automne2014.jpg 575w\" sizes=\"auto, (max-width: 222px) 100vw, 222px\" \/><\/a><\/p>\n<p><strong>Automne 2014<\/strong><\/p>\n<p>&nbsp;<\/p>\n","protected":false},"excerpt":{"rendered":"<p>Production sectors Feeder calf (Sales circuit) + Info-Circuit 2013-2014 + The Quebec Feeder Calf Auctions Circuit 2013-2014 + Vaccination Declaration 2013-2014 Cahiers Bovins du Qu\u00e9bec Int\u00e9gr\u00e9s \u00e0 la Terre de chez nous Automne 2014 &nbsp;<\/p>\n","protected":false},"author":6,"featured_media":0,"parent":1751,"menu_order":0,"comment_status":"closed","ping_status":"closed","template":"","meta":{"ngg_post_thumbnail":0,"footnotes":""},"class_list":["post-1607","page","type-page","status-publish","hentry"],"_links":{"self":[{"href":"https:\/\/bovin.qc.ca\/en\/wp-json\/wp\/v2\/pages\/1607","targetHints":{"allow":["GET"]}}],"collection":[{"href":"https:\/\/bovin.qc.ca\/en\/wp-json\/wp\/v2\/pages"}],"about":[{"href":"https:\/\/bovin.qc.ca\/en\/wp-json\/wp\/v2\/types\/page"}],"author":[{"embeddable":true,"href":"https:\/\/bovin.qc.ca\/en\/wp-json\/wp\/v2\/users\/6"}],"replies":[{"embeddable":true,"href":"https:\/\/bovin.qc.ca\/en\/wp-json\/wp\/v2\/comments?post=1607"}],"version-history":[{"count":6,"href":"https:\/\/bovin.qc.ca\/en\/wp-json\/wp\/v2\/pages\/1607\/revisions"}],"predecessor-version":[{"id":27255,"href":"https:\/\/bovin.qc.ca\/en\/wp-json\/wp\/v2\/pages\/1607\/revisions\/27255"}],"up":[{"embeddable":true,"href":"https:\/\/bovin.qc.ca\/en\/wp-json\/wp\/v2\/pages\/1751"}],"wp:attachment":[{"href":"https:\/\/bovin.qc.ca\/en\/wp-json\/wp\/v2\/media?parent=1607"}],"curies":[{"name":"wp","href":"https:\/\/api.w.org\/{rel}","templated":true}]}}