{"id":1578,"date":"2016-03-22T21:35:34","date_gmt":"2016-03-23T01:35:34","guid":{"rendered":"https:\/\/bovin.qc.ca\/?page_id=1578&#038;lang=en"},"modified":"2025-06-18T11:25:25","modified_gmt":"2025-06-18T15:25:25","slug":"2015-2","status":"publish","type":"page","link":"https:\/\/bovin.qc.ca\/en\/publications\/archives\/2015-2\/","title":{"rendered":"2015"},"content":{"rendered":"<h2>Production sectors<\/h2>\n<h3>Feeder calf (Sales circuit)<\/h3>\n<p><a href=\"https:\/\/bovin.qc.ca\/wp-content\/uploads\/2016\/03\/Linfo-circuit-Quebec-specialized-Feeder-Calf-Auctions-Circuit.pdf\" target=\"_blank\" rel=\"noopener\">+ L&#8217;info-circuit &#8211; Quebec specialized Feeder Calf Auctions Circuit<\/a><\/p>\n<p><a href=\"https:\/\/bovin.qc.ca\/wp-content\/uploads\/2016\/03\/Le-Circuit-The-Quebec-Feeder-Calf-Auctions-Circuit.pdf\" target=\"_blank\" rel=\"noopener\">+ Le Circuit &#8211; The Quebec Feeder Calf Auctions Circuit<\/a><\/p>\n<p><a href=\"https:\/\/bovin.qc.ca\/wp-content\/uploads\/2016\/03\/Vaccination-Declaration-2014-2015.pdf\" target=\"_blank\" rel=\"noopener\">+ Vaccination Declaration 2014-2015<\/a><\/p>\n<h2><strong>Cahiers Bovins du Qu\u00e9bec<\/strong><\/h2>\n<p><strong>Int\u00e9gr\u00e9s \u00e0 la <a href=\"https:\/\/laterrekiosk.milibris.com\/\" target=\"_blank\" rel=\"noopener\">Terre de chez nous<\/a><\/strong><\/p>\n<p><a href=\"https:\/\/www.laterre.ca\/magazine\/bovins-du-quebec-2015-11-04\" target=\"_blank\" rel=\"noopener\"><img loading=\"lazy\" decoding=\"async\" class=\"alignnone size-medium wp-image-10204\" src=\"https:\/\/bovin.qc.ca\/wp-content\/uploads\/2020\/07\/Bovins_Quebec_Automne2015-219x300.jpg\" alt=\"\" width=\"219\" height=\"300\" srcset=\"https:\/\/bovin.qc.ca\/wp-content\/uploads\/2020\/07\/Bovins_Quebec_Automne2015-219x300.jpg 219w, https:\/\/bovin.qc.ca\/wp-content\/uploads\/2020\/07\/Bovins_Quebec_Automne2015-93x128.jpg 93w, https:\/\/bovin.qc.ca\/wp-content\/uploads\/2020\/07\/Bovins_Quebec_Automne2015.jpg 569w\" sizes=\"auto, (max-width: 219px) 100vw, 219px\" \/><\/a><\/p>\n<p><strong>4 novembre 2015<\/strong><\/p>\n<p><a href=\"https:\/\/www.laterre.ca\/magazine\/bovins-du-quebec-2015-07-29\" target=\"_blank\" rel=\"noopener\"><img loading=\"lazy\" decoding=\"async\" class=\"alignnone size-medium wp-image-10202\" src=\"https:\/\/bovin.qc.ca\/wp-content\/uploads\/2020\/07\/Bovins_Quebec_Ete2015-220x300.jpg\" alt=\"\" width=\"220\" height=\"300\" srcset=\"https:\/\/bovin.qc.ca\/wp-content\/uploads\/2020\/07\/Bovins_Quebec_Ete2015-220x300.jpg 220w, https:\/\/bovin.qc.ca\/wp-content\/uploads\/2020\/07\/Bovins_Quebec_Ete2015-94x128.jpg 94w, https:\/\/bovin.qc.ca\/wp-content\/uploads\/2020\/07\/Bovins_Quebec_Ete2015.jpg 568w\" sizes=\"auto, (max-width: 220px) 100vw, 220px\" \/><\/a><\/p>\n<p><strong>29 juillet 2015<\/strong><\/p>\n<p><a href=\"https:\/\/www.laterre.ca\/magazine\/bovins-du-quebec-2015-05-13\"><img loading=\"lazy\" decoding=\"async\" class=\"alignnone size-medium wp-image-10200\" src=\"https:\/\/bovin.qc.ca\/wp-content\/uploads\/2020\/07\/Bovins_Quebec_Printemps2015-220x300.jpg\" alt=\"\" width=\"220\" height=\"300\" srcset=\"https:\/\/bovin.qc.ca\/wp-content\/uploads\/2020\/07\/Bovins_Quebec_Printemps2015-220x300.jpg 220w, https:\/\/bovin.qc.ca\/wp-content\/uploads\/2020\/07\/Bovins_Quebec_Printemps2015-94x128.jpg 94w, https:\/\/bovin.qc.ca\/wp-content\/uploads\/2020\/07\/Bovins_Quebec_Printemps2015.jpg 571w\" sizes=\"auto, (max-width: 220px) 100vw, 220px\" \/><\/a><\/p>\n<p><strong>13 mai 2015<\/strong><\/p>\n<p><a href=\"https:\/\/www.laterre.ca\/magazine\/bovins-du-quebec-2015-01-28\" target=\"_blank\" rel=\"noopener\"><img loading=\"lazy\" decoding=\"async\" class=\"alignnone size-medium wp-image-10198\" src=\"https:\/\/bovin.qc.ca\/wp-content\/uploads\/2020\/07\/Bovins_Quebec_Hiver2015-218x300.jpg\" alt=\"\" width=\"218\" height=\"300\" srcset=\"https:\/\/bovin.qc.ca\/wp-content\/uploads\/2020\/07\/Bovins_Quebec_Hiver2015-218x300.jpg 218w, https:\/\/bovin.qc.ca\/wp-content\/uploads\/2020\/07\/Bovins_Quebec_Hiver2015-93x128.jpg 93w, https:\/\/bovin.qc.ca\/wp-content\/uploads\/2020\/07\/Bovins_Quebec_Hiver2015.jpg 508w\" sizes=\"auto, (max-width: 218px) 100vw, 218px\" \/><\/a><\/p>\n<p><strong>28 janvier 2015<\/strong><\/p>\n<p>&nbsp;<\/p>\n<p>&nbsp;<\/p>\n","protected":false},"excerpt":{"rendered":"<p>Production sectors Feeder calf (Sales circuit) + L&#8217;info-circuit &#8211; Quebec specialized Feeder Calf Auctions Circuit + Le Circuit &#8211; The Quebec Feeder Calf Auctions Circuit + Vaccination Declaration 2014-2015 Cahiers Bovins du Qu\u00e9bec Int\u00e9gr\u00e9s \u00e0 la Terre de chez nous 4 novembre 2015 29 juillet 2015 13 mai 2015 28 janvier 2015 &nbsp; &nbsp;<\/p>\n","protected":false},"author":6,"featured_media":0,"parent":1751,"menu_order":0,"comment_status":"closed","ping_status":"closed","template":"","meta":{"ngg_post_thumbnail":0,"footnotes":""},"class_list":["post-1578","page","type-page","status-publish","hentry"],"_links":{"self":[{"href":"https:\/\/bovin.qc.ca\/en\/wp-json\/wp\/v2\/pages\/1578","targetHints":{"allow":["GET"]}}],"collection":[{"href":"https:\/\/bovin.qc.ca\/en\/wp-json\/wp\/v2\/pages"}],"about":[{"href":"https:\/\/bovin.qc.ca\/en\/wp-json\/wp\/v2\/types\/page"}],"author":[{"embeddable":true,"href":"https:\/\/bovin.qc.ca\/en\/wp-json\/wp\/v2\/users\/6"}],"replies":[{"embeddable":true,"href":"https:\/\/bovin.qc.ca\/en\/wp-json\/wp\/v2\/comments?post=1578"}],"version-history":[{"count":4,"href":"https:\/\/bovin.qc.ca\/en\/wp-json\/wp\/v2\/pages\/1578\/revisions"}],"predecessor-version":[{"id":27247,"href":"https:\/\/bovin.qc.ca\/en\/wp-json\/wp\/v2\/pages\/1578\/revisions\/27247"}],"up":[{"embeddable":true,"href":"https:\/\/bovin.qc.ca\/en\/wp-json\/wp\/v2\/pages\/1751"}],"wp:attachment":[{"href":"https:\/\/bovin.qc.ca\/en\/wp-json\/wp\/v2\/media?parent=1578"}],"curies":[{"name":"wp","href":"https:\/\/api.w.org\/{rel}","templated":true}]}}