{"id":15,"date":"2016-01-18T15:18:13","date_gmt":"2016-01-18T20:18:13","guid":{"rendered":"https:\/\/bovin.qc.ca\/?page_id=15&#038;lang=en"},"modified":"2026-04-09T12:20:39","modified_gmt":"2026-04-09T16:20:39","slug":"links-2","status":"publish","type":"page","link":"https:\/\/bovin.qc.ca\/en\/links-2\/","title":{"rendered":"Links"},"content":{"rendered":"<h1>Links<\/h1>\n<p><a href=\"http:\/\/www.agrireseau.qc.ca\/\" target=\"_blank\" rel=\"noopener noreferrer\">Agri-R\u00e9seau<\/a><\/p>\n<p><a href=\"http:\/\/www.agrireseau.qc.ca\/agroenvironnement\" target=\"_blank\" rel=\"noopener\">Agri-r\u00e9seau, agroenvironnement<\/a><\/p>\n<p><a href=\"https:\/\/attestra.com\/\" target=\"_blank\" rel=\"noopener noreferrer\">Attestra<\/a><\/p>\n<p><a href=\"https:\/\/agriculture.canada.ca\/en\/canadas-agriculture-sectors\/animal-industry\/red-meat-and-livestock-market-information\" target=\"_blank\" rel=\"noopener noreferrer\">Agriculture and Agri-Food Canada &#8211; Red meat prices (AAC)<\/a><\/p>\n<p><a href=\"https:\/\/agriculture.canada.ca\/en\" target=\"_blank\" rel=\"noopener noreferrer\">Agriculture and Agri-Food Canada (AAC)<\/a><\/p>\n<p><a href=\"http:\/\/www.agr.gc.ca\/policy\/environment\/air_03_e.phtml\" target=\"_blank\" rel=\"noopener\">Agriculture and Agri-Food Canada, Sustainable Development<\/a><\/p>\n<p><a href=\"http:\/\/www.vealfarm.com\" target=\"_blank\" rel=\"noopener\">American Veal Association<\/a><\/p>\n<p><a href=\"https:\/\/www.alberta.ca\/agriculture.aspx\" target=\"_blank\" rel=\"noopener noreferrer\">Alberta &#8211; Agriculture and Rural Development<\/a><\/p>\n<p><a href=\"http:\/\/www.albertabeef.org\/\" target=\"_blank\" rel=\"noopener noreferrer\">Alberta Beef Producers<\/a><\/p>\n<p><a href=\"http:\/\/www.bovitrace.com\" target=\"_blank\" rel=\"noopener\">Bovitrace<\/a><\/p>\n<p><a href=\"http:\/\/www.cattle-today.com\" target=\"_blank\" rel=\"noopener\">Breeds of Cattle<\/a><\/p>\n<p><a href=\"http:\/\/www.ansi.okstate.edu\/breeds\/cattle\" target=\"_blank\" rel=\"noopener\">Breeds of Livestock<\/a><\/p>\n<p><a href=\"http:\/\/www.canadianbeefbreeds.com\" target=\"_blank\" rel=\"noopener\">Canadian Beef Breeds Council<\/a><\/p>\n<p><a href=\"http:\/\/www.cattle.ca\/\" target=\"_blank\" rel=\"noopener noreferrer\">Canadian Cattlemen&#8217;s Association (CCA)<\/a><\/p>\n<p><a href=\"http:\/\/www.cdc-ccl.gc.ca\" target=\"_blank\" rel=\"noopener\">Canadian Dairy Commission<\/a><\/p>\n<p><a href=\"http:\/\/www.canfax.ca\/AuctionMarkets.aspx\" target=\"_blank\" rel=\"noopener\">Canfax<\/a><\/p>\n<p><a href=\"http:\/\/www.craaq.qc.ca\" target=\"_blank\" rel=\"noopener\">Centre de r\u00e9f\u00e9rence en agriculture et agroalimentaire du Qu\u00e9bec<\/a><\/p>\n<p><a href=\"http:\/\/www.clubsconseils.org\" target=\"_blank\" rel=\"noopener\">Clubs conseils en agroenvironnement<\/a><\/p>\n<p><a href=\"http:\/\/www.delimax.com\" target=\"_blank\" rel=\"noopener\">D\u00e9limax<\/a><\/p>\n<p><a href=\"http:\/\/formationagricole.com\/\" target=\"_blank\" rel=\"noopener noreferrer\">Formation agricole<\/a><\/p>\n<p><a href=\"http:\/\/www.franceagrimer.fr\" target=\"_blank\" rel=\"noopener\">France Agrimer<\/a><\/p>\n<p><a href=\"http:\/\/www.stat.gouv.qc.ca\/default_an.html\" target=\"_blank\" rel=\"noopener noreferrer\">Institut de la statistique du Qu\u00e9bec (ISQ)<\/a><\/p>\n<p><a href=\"http:\/\/www.fadq.qc.ca\/index.php?id=1086&amp;no_cache=1&amp;L=1\" target=\"_blank\" rel=\"noopener noreferrer\">La Financi\u00e8re agricole du Qu\u00e9bec<\/a><\/p>\n<p><a href=\"http:\/\/www.mapaq.gouv.qc.ca\/fr\/Productions\/Agroenvironnement\/mesuresappui\/Pages\/mesuresappui.aspx\" target=\"_blank\" rel=\"noopener\">MAPAQ (programs)<\/a><\/p>\n<p><a href=\"http:\/\/www.mapaq.gouv.qc.ca\/\" target=\"_blank\" rel=\"noopener noreferrer\">Minist\u00e8re de l&#8217;Agriculture, P\u00eacheries et Alimentation du Qu\u00e9bec (MAPAQ)<\/a><\/p>\n<p><a href=\"http:\/\/www.mddep.gouv.qc.ca\/index_en.asp\" target=\"_blank\" rel=\"noopener\">Minist\u00e8re du D\u00e9veloppement durable, de l\u2019Environnement et de la Lutte contre les changements climatiques<\/a><\/p>\n<p><a href=\"http:\/\/www.montpak.ca\/grain-fed-veal-montpak.aspx\" target=\"_blank\" rel=\"noopener\">Montpak International<\/a><\/p>\n<p><a href=\"http:\/\/www.nationalcattlefeeders.ca\" target=\"_blank\" rel=\"noopener\">National Cattle Feeders\u2019 Association (NCFA)<\/a><\/p>\n<p><a href=\"http:\/\/www.omafra.gov.on.ca\/english\/index.html\" target=\"_blank\" rel=\"noopener noreferrer\">Ontario &#8211; Ministry of Agriculture, Food and Rural Affairs<\/a><\/p>\n<p><a href=\"http:\/\/www.ontariobeef.com\/\" target=\"_blank\" rel=\"noopener noreferrer\">Ontario Cattlemen&#8217;s Association (OCA)<\/a><\/p>\n<p><a href=\"http:\/\/www.ontariobeef.com\" target=\"_blank\" rel=\"noopener\">Ontario Cattlemen\u2019s Association, market information<\/a><\/p>\n<p><a href=\"https:\/\/www.veauduquebec.com\/en\/\" target=\"_blank\" rel=\"noopener\">Quebec Veal<\/a><\/p>\n<p><a href=\"http:\/\/www.rmaaq.gouv.qc.ca\/\" target=\"_blank\" rel=\"noopener\">R\u00e9gie des march\u00e9s agricoles&nbsp;et alimentaires du Qu\u00e9bec<\/a><\/p>\n<p><a href=\"http:\/\/www.agriconseils.qc.ca\/\" target=\"_blank\" rel=\"noopener noreferrer\">R\u00e9seau Agriconseils<\/a><\/p>\n<p><a href=\"http:\/\/www.reseauencansquebec.com\" target=\"_blank\" rel=\"noopener\">R\u00e9seau Encans Qu\u00e9bec<\/a><\/p>\n<p><a href=\"http:\/\/www.upa.qc.ca\/en\/\" target=\"_blank\" rel=\"noopener noreferrer\">Union des producteurs agricoles (UPA)<\/a><\/p>\n<p><a href=\"http:\/\/www.usda.gov\/\" target=\"_blank\" rel=\"noopener noreferrer\">United States Department of Agriculture&#8217;s (USDA)<\/a><\/p>\n<p><a href=\"http:\/\/www.ams.usda.gov\/AMSv1.0\/\" target=\"_blank\" rel=\"noopener noreferrer\">USDA-AMS Livestock market news<\/a><\/p>\n<p><a href=\"http:\/\/www.ontarioveal.on.ca\" target=\"_blank\" rel=\"noopener\">Veal Farmers of Ontario<\/a><\/p>\n<p><a href=\"http:\/\/verifiedbeef.org\" target=\"_blank\" rel=\"noopener\">Verified Beef Production (VBP)<\/a><\/p>\n<p>&nbsp;<\/p>\n<h3>The PBQ on social media<\/h3>\n<p><a href=\"https:\/\/www.facebook.com\/profile.php?id=61583852619560\" target=\"_blank\" rel=\"noopener\">Facebook \u00ab Les Producteurs de bovins du Qu\u00e9bec \u00bb<\/a><\/p>\n<p><a href=\"https:\/\/www.instagram.com\/prodbovinsquebec?igsh=MTZzaDU2azhua2d0cg==\" target=\"_blank\" rel=\"noopener\">Instagram \u00ab Les Producteurs de bovins du Qu\u00e9bec \u00bb<\/a><\/p>\n<p><a href=\"https:\/\/www.linkedin.com\/company\/les-producteurs-de-bovins-du-quebec\/?\" target=\"_blank\" rel=\"noopener\">Linkedin \u00ab Les Producteurs de bovins du Qu\u00e9bec \u00bb<\/a><\/p>\n<p><a href=\"https:\/\/www.facebook.com\/veaudembouche\/\" target=\"_blank\" rel=\"noopener\">Facebook \u00ab Les Producteurs de veaux d&#8217;embouche du Qu\u00e9bec \u00bb<\/a><\/p>\n<p><a href=\"https:\/\/www.facebook.com\/veauduquebec\/\" target=\"_blank\" rel=\"noopener\">Facebook \u00ab Veau du Qu\u00e9bec \u00bb<\/a><\/p>\n<p><a href=\"https:\/\/www.instagram.com\/veauduquebec?igsh=ZTkzNWdiOWFubGFp\" target=\"_blank\" rel=\"noopener\">Instagram \u00ab Veau du Qu\u00e9bec \u00bb<\/a><\/p>\n<p>&nbsp;<\/p>\n<h3>Beef Breeds Associations<\/h3>\n<p><a href=\"http:\/\/www.cdnangus.ca\/main_page.htm\" target=\"_blank\" rel=\"noopener noreferrer\">Association Canadienne Angus<\/a><\/p>\n<p><a href=\"http:\/\/www.charolaisquebec.qc.ca\/\" target=\"_blank\" rel=\"noopener noreferrer\">Association Charolais du Qu\u00e9bec<\/a><\/p>\n<p><a href=\"http:\/\/www.highlandquebec.com\/\" target=\"_blank\" rel=\"noopener noreferrer\">Association Qu\u00e9b\u00e9coise des \u00c9leveurs de bovins Highland<\/a><\/p>\n<p><a href=\"https:\/\/www.simmentalquebec.ca\/\" target=\"_blank\" rel=\"noopener noreferrer\">Association Simmental du Qu\u00e9bec<\/a><\/p>\n<p><a href=\"http:\/\/www.canadianblondeassociation.ca\/\" target=\"_blank\" rel=\"noopener noreferrer\">Canadian Blonde d&#8217;Aquitaine Association<\/a><\/p>\n<p><a href=\"http:\/\/www.limousin.com\/\" target=\"_blank\" rel=\"noopener noreferrer\">Canadian Limousin Association<\/a><\/p>\n<p><a href=\"http:\/\/salerscanada.com\/\" target=\"_blank\" rel=\"noopener noreferrer\">Canadian Salers<\/a><\/p>\n<p><a href=\"http:\/\/canadianshorthorn.com\/\" target=\"_blank\" rel=\"noopener noreferrer\">Canadian Shorthorn Association<\/a><\/p>\n<p><a href=\"http:\/\/www.herefordquebec.ca\/index.php\" target=\"_blank\" rel=\"noopener noreferrer\">Hereford Qu\u00e9bec<\/a><\/p>\n<p><a href=\"https:\/\/www.cdnangus.ca\/quebec-angus-association\/\" target=\"_blank\" rel=\"noopener noreferrer\">Qu\u00e9bec Angus<\/a><\/p>\n<p><a href=\"http:\/\/www.parthenaisquebec.com\/en\" target=\"_blank\" rel=\"noopener noreferrer\">Quebec Parthenais Bovine Breeders Association<\/a><\/p>\n<p>&nbsp;<\/p>\n","protected":false},"excerpt":{"rendered":"<p>Links Agri-R\u00e9seau Agri-r\u00e9seau, agroenvironnement Attestra Agriculture and Agri-Food Canada &#8211; Red meat prices (AAC) Agriculture and Agri-Food Canada (AAC) Agriculture and Agri-Food Canada, Sustainable Development American Veal Association Alberta &#8211; Agriculture and Rural Development Alberta Beef Producers Bovitrace Breeds of Cattle Breeds of Livestock Canadian Beef Breeds Council Canadian Cattlemen&#8217;s Association (CCA) Canadian Dairy Commission [&#8230;]<\/p>\n","protected":false},"author":6,"featured_media":0,"parent":0,"menu_order":0,"comment_status":"closed","ping_status":"closed","template":"","meta":{"ngg_post_thumbnail":0,"footnotes":""},"class_list":["post-15","page","type-page","status-publish","hentry"],"_links":{"self":[{"href":"https:\/\/bovin.qc.ca\/en\/wp-json\/wp\/v2\/pages\/15","targetHints":{"allow":["GET"]}}],"collection":[{"href":"https:\/\/bovin.qc.ca\/en\/wp-json\/wp\/v2\/pages"}],"about":[{"href":"https:\/\/bovin.qc.ca\/en\/wp-json\/wp\/v2\/types\/page"}],"author":[{"embeddable":true,"href":"https:\/\/bovin.qc.ca\/en\/wp-json\/wp\/v2\/users\/6"}],"replies":[{"embeddable":true,"href":"https:\/\/bovin.qc.ca\/en\/wp-json\/wp\/v2\/comments?post=15"}],"version-history":[{"count":34,"href":"https:\/\/bovin.qc.ca\/en\/wp-json\/wp\/v2\/pages\/15\/revisions"}],"predecessor-version":[{"id":31165,"href":"https:\/\/bovin.qc.ca\/en\/wp-json\/wp\/v2\/pages\/15\/revisions\/31165"}],"wp:attachment":[{"href":"https:\/\/bovin.qc.ca\/en\/wp-json\/wp\/v2\/media?parent=15"}],"curies":[{"name":"wp","href":"https:\/\/api.w.org\/{rel}","templated":true}]}}