{"id":14658,"date":"2022-06-22T15:16:40","date_gmt":"2022-06-22T19:16:40","guid":{"rendered":"https:\/\/bovin.qc.ca\/?page_id=14658"},"modified":"2022-06-22T15:16:40","modified_gmt":"2022-06-22T19:16:40","slug":"board-members","status":"publish","type":"page","link":"https:\/\/bovin.qc.ca\/en\/board-members\/","title":{"rendered":"Board members"},"content":{"rendered":"<h1>2022-2023 Board members<\/h1>\n<table style=\"width: 100%; border-collapse: collapse;\" border=\"0\" cellpadding=\"5\">\n<tbody>\n<tr>\n<td style=\"width: 50%;\">\n<h5><img loading=\"lazy\" decoding=\"async\" class=\"alignleft size-large wp-image-11620\" src=\"https:\/\/bovin.qc.ca\/wp-content\/uploads\/2020\/12\/Jean-Thomas_Maltais_202012_200x256-100x128.jpg\" alt=\"\" width=\"100\" height=\"128\"><\/h5>\n<h5>&nbsp;<\/h5>\n<h5>Chairman<\/h5>\n<p style=\"text-align: left;\"><strong>Mr Jean-Thomas Maltais<\/strong><br \/>\nFarm located in Saguenay<br \/>\n(Chicoutimi&#8217;s borough)<\/p>\n<\/td>\n<td style=\"width: 50%;\">\n<p style=\"text-align: left;\">&nbsp;<\/p>\n<\/td>\n<\/tr>\n<tr>\n<td style=\"width: 50%;\">\n<h5><img loading=\"lazy\" decoding=\"async\" class=\"wp-image-11895 size-large alignleft\" src=\"https:\/\/bovin.qc.ca\/wp-content\/uploads\/2021\/02\/Yves_Boisvert_202102_200x256-100x128.jpg\" alt=\"\" width=\"100\" height=\"128\"><\/h5>\n<h5>&nbsp;<\/h5>\n<h5>Abitibi-T\u00e9miscamingue<\/h5>\n<p style=\"text-align: left;\"><strong>Mr Vincent Boisvert<\/strong><br \/>\nFarm located in Landrienne<\/p>\n<\/td>\n<td style=\"width: 50%;\">\n<h5><img loading=\"lazy\" decoding=\"async\" class=\"alignleft size-large wp-image-11632\" src=\"https:\/\/bovin.qc.ca\/wp-content\/uploads\/2020\/12\/Jean-Marc_Menard_202012_200x256-100x128.jpg\" alt=\"\" width=\"100\" height=\"128\"><\/h5>\n<h5>&nbsp;<\/h5>\n<h5>Mont\u00e9r\u00e9gie-Est<\/h5>\n<p style=\"text-align: left;\"><strong>Mr Jean-Marc M\u00e9nard<\/strong><br \/>\nFarm located in Sainte-Christine<\/p>\n<\/td>\n<\/tr>\n<tr>\n<td style=\"width: 50%;\">\n<h5><img loading=\"lazy\" decoding=\"async\" class=\"alignleft size-large wp-image-11615\" src=\"https:\/\/bovin.qc.ca\/wp-content\/uploads\/2020\/12\/Daniel_Reichenbach_202012_200x256-100x128.jpg\" alt=\"\" width=\"100\" height=\"128\"><\/h5>\n<h5>&nbsp;<\/h5>\n<h5>Bas-Saint-Laurent<\/h5>\n<p style=\"text-align: left;\"><strong>Mr Daniel Reichenbach<\/strong><br \/>\nFarm located in Saint-Ulric<\/p>\n<\/td>\n<td style=\"width: 50%;\">\n<h5><img loading=\"lazy\" decoding=\"async\" class=\"alignleft size-large wp-image-11610\" src=\"https:\/\/bovin.qc.ca\/wp-content\/uploads\/2020\/12\/Kirk_Hackson_201912_200x256-1-100x128.jpg\" alt=\"\" width=\"100\" height=\"128\" srcset=\"https:\/\/bovin.qc.ca\/wp-content\/uploads\/2020\/12\/Kirk_Hackson_201912_200x256-1-100x128.jpg 100w, https:\/\/bovin.qc.ca\/wp-content\/uploads\/2020\/12\/Kirk_Hackson_201912_200x256-1.jpg 200w\" sizes=\"auto, (max-width: 100px) 100vw, 100px\" \/><\/h5>\n<h5>&nbsp;<\/h5>\n<h5>Mont\u00e9r\u00e9gie-Ouest<\/h5>\n<p style=\"text-align: left;\"><strong>Mr Kirk Jackson<\/strong><br \/>\nFarm located in Saint-Anicet<\/p>\n<\/td>\n<\/tr>\n<tr>\n<td style=\"width: 50%;\">\n<h5><img loading=\"lazy\" decoding=\"async\" class=\"alignleft wp-image-11591 size-large\" src=\"https:\/\/bovin.qc.ca\/wp-content\/uploads\/2020\/12\/Philippe_Alain_202012_200x256-100x128.jpg\" alt=\"\" width=\"100\" height=\"128\"><\/h5>\n<h5>&nbsp;<\/h5>\n<h5>Capitale-Nationale\u2212C\u00f4te-Nord<\/h5>\n<p style=\"text-align: left;\"><strong>Mr Philippe Alain<\/strong><br \/>\nFarm located in Saint-Basile<\/p>\n<\/td>\n<td style=\"width: 50%;\">\n<h5><img loading=\"lazy\" decoding=\"async\" class=\"alignleft wp-image-11595 size-large\" src=\"https:\/\/bovin.qc.ca\/wp-content\/uploads\/2020\/12\/Stanley_Christensen_202012_200x256-100x128.jpg\" alt=\"\" width=\"100\" height=\"128\"><\/h5>\n<h5>&nbsp;<\/h5>\n<h5>Outaouais\u2212Laurentides<\/h5>\n<p style=\"text-align: left;\"><strong>Mr Stanley Christensen<\/strong><br \/>\nFarm located in Lac-Sainte-Marie<\/p>\n<\/td>\n<\/tr>\n<tr>\n<td style=\"width: 50%;\">\n<h5><img loading=\"lazy\" decoding=\"async\" class=\"alignleft size-large wp-image-11624\" src=\"https:\/\/bovin.qc.ca\/wp-content\/uploads\/2020\/12\/Jean-Francois_Dion_202012_200x256-100x128.jpg\" alt=\"\" width=\"100\" height=\"128\"><\/h5>\n<h5>&nbsp;<\/h5>\n<h5>Centre-du-Qu\u00e9bec<\/h5>\n<p style=\"text-align: left;\"><strong>Mr Jean-Fran\u00e7ois Dion<\/strong><br \/>\nFarm located in Inverness<\/p>\n<\/td>\n<td style=\"width: 50%;\">\n<h5><img loading=\"lazy\" decoding=\"async\" class=\"alignleft size-large wp-image-11618\" src=\"https:\/\/bovin.qc.ca\/wp-content\/uploads\/2020\/12\/Emilie_Girard_202012_200x256-100x128.jpg\" alt=\"\" width=\"100\" height=\"128\"><\/h5>\n<h5>&nbsp;<\/h5>\n<h5>Saguenay\u2212Lac-Saint-Jean<\/h5>\n<p style=\"text-align: left;\"><strong>Mrs \u00c9milie Girard<\/strong><br \/>\nFarm located in Saint-Bruno<\/p>\n<\/td>\n<\/tr>\n<tr>\n<td style=\"width: 50%;\">\n<h5><img loading=\"lazy\" decoding=\"async\" class=\"alignleft wp-image-11583 size-large\" src=\"https:\/\/bovin.qc.ca\/wp-content\/uploads\/2020\/12\/Bertrand_Bedard_202012_200x256-100x128.jpg\" alt=\"\" width=\"100\" height=\"128\"><\/h5>\n<h5>&nbsp;<\/h5>\n<h5>Chaudi\u00e8re-Appalaches-Nord<\/h5>\n<p style=\"text-align: left;\"><strong>Mr Bertrand B\u00e9dard<\/strong><br \/>\nFarm located in Saint-Patrice-de-Beaurivage<\/p>\n<\/td>\n<td style=\"width: 50%;\">\n<h5><img loading=\"lazy\" decoding=\"async\" class=\"alignleft size-large wp-image-11639\" src=\"https:\/\/bovin.qc.ca\/wp-content\/uploads\/2021\/01\/Jean-Marc-Paradis_201912_200x256-100x128.jpg\" alt=\"\" width=\"100\" height=\"128\"><\/h5>\n<h5>&nbsp;<\/h5>\n<h5>CMMBA<\/h5>\n<p style=\"text-align: left;\"><strong>Mr Jean-Marc Paradis<\/strong><br \/>\nFarm located in Farnham<br \/>\n(Mont\u00e9r\u00e9gie)<\/p>\n<\/td>\n<\/tr>\n<tr>\n<td style=\"width: 50%;\">\n<h5><img loading=\"lazy\" decoding=\"async\" class=\"alignleft size-large wp-image-11651\" src=\"https:\/\/bovin.qc.ca\/wp-content\/uploads\/2021\/01\/Sylvain_Bourque_202012_200x256-100x128.jpg\" alt=\"\" width=\"100\" height=\"128\"><\/h5>\n<h5>&nbsp;<\/h5>\n<h5>Chaudi\u00e8re-Appalaches-Sud<\/h5>\n<p style=\"text-align: left;\"><strong>Mr Sylvain Bourque<\/strong><br \/>\nFarm located in Saint-Th\u00e9ophile<\/p>\n<\/td>\n<td style=\"width: 50%;\">\n<h5><img loading=\"lazy\" decoding=\"async\" class=\"alignleft size-large wp-image-11643\" src=\"https:\/\/bovin.qc.ca\/wp-content\/uploads\/2021\/01\/Pierre_Ruest_202012_200x256-100x128.jpg\" alt=\"\" width=\"100\" height=\"128\"><\/h5>\n<h5>&nbsp;<\/h5>\n<h5>CMMBR<\/h5>\n<p style=\"text-align: left;\"><strong>Mr Pierre Ruest<\/strong><br \/>\nFarm located in Saint-Anaclet-de-Lessard<br \/>\n(Bas-Saint-Laurent)<\/p>\n<\/td>\n<\/tr>\n<tr>\n<td style=\"width: 50%;\">\n<h5><img loading=\"lazy\" decoding=\"async\" class=\"alignleft size-large wp-image-11635\" src=\"https:\/\/bovin.qc.ca\/wp-content\/uploads\/2021\/01\/Andre_Tessier_202012_200x256-100x128.jpg\" alt=\"\" width=\"100\" height=\"128\"><\/h5>\n<h5>&nbsp;<\/h5>\n<h5>Estrie<\/h5>\n<p style=\"text-align: left;\"><strong>Mr Andr\u00e9 Tessier<\/strong><br \/>\nFarm located in Wotton<\/p>\n<\/td>\n<td style=\"width: 50%;\">\n<h5><img loading=\"lazy\" decoding=\"async\" class=\"alignleft wp-image-11593 size-large\" src=\"https:\/\/bovin.qc.ca\/wp-content\/uploads\/2020\/12\/Sebastien_Vachon_202012_200x256-100x128.jpg\" alt=\"\" width=\"100\" height=\"128\"><\/h5>\n<h5>&nbsp;<\/h5>\n<h5>CMMVE<\/h5>\n<p style=\"text-align: left;\"><strong>Mr S\u00e9bastien Vachon<\/strong>&nbsp;<br \/>\nFarm located in Saint-Fr\u00e9d\u00e9ric<br \/>\n(Chaudi\u00e8re-Appalaches)<\/p>\n<\/td>\n<\/tr>\n<tr>\n<td style=\"width: 50%;\">\n<h5><img loading=\"lazy\" decoding=\"async\" class=\"alignleft size-large wp-image-11637\" src=\"https:\/\/bovin.qc.ca\/wp-content\/uploads\/2021\/01\/Doris_Boissonnault_202012_200x256-100x128.jpg\" alt=\"\" width=\"100\" height=\"128\"><\/h5>\n<h5>&nbsp;<\/h5>\n<h5>Gasp\u00e9sie\u2212Les \u00celes<\/h5>\n<p style=\"text-align: left;\"><strong>Mr Doris Boissonnault<\/strong><br \/>\nFarm located in Caplan<\/p>\n<\/td>\n<td style=\"width: 50%;\">\n<h5><img loading=\"lazy\" decoding=\"async\" class=\"alignleft wp-image-11589 size-large\" src=\"https:\/\/bovin.qc.ca\/wp-content\/uploads\/2020\/12\/Louis-Joseph_Beaudoin_202012_200x256-100x128.jpg\" alt=\"\" width=\"100\" height=\"128\"><\/h5>\n<h5>&nbsp;<\/h5>\n<h5>CMMVG<\/h5>\n<p style=\"text-align: left;\"><strong>Mr Louis-Joseph Beaudoin<\/strong><br \/>\nFarm located in Proulxville<br \/>\n(Mauricie)<\/p>\n<\/td>\n<\/tr>\n<tr>\n<td style=\"width: 50%;\">\n<h5><img loading=\"lazy\" decoding=\"async\" class=\"alignleft wp-image-11585 size-large\" src=\"https:\/\/bovin.qc.ca\/wp-content\/uploads\/2020\/12\/Francine_Trepanier_202012_200x256-100x128.jpg\" alt=\"\" width=\"100\" height=\"128\"><\/h5>\n<h5>&nbsp;<\/h5>\n<h5>Lanaudi\u00e8re<\/h5>\n<p style=\"text-align: left;\"><strong>Mrs Francine Tr\u00e9panier<\/strong><br \/>\nFarm located in La Visitation-de-l\u2019\u00cele-Dupas<\/p>\n<\/td>\n<td style=\"width: 50%;\">\n<h5><img loading=\"lazy\" decoding=\"async\" class=\"alignleft size-large wp-image-11647\" src=\"https:\/\/bovin.qc.ca\/wp-content\/uploads\/2021\/01\/Pierre-Luc_Nadeau_202012_200x256-100x128.jpg\" alt=\"\" width=\"100\" height=\"128\"><\/h5>\n<h5>&nbsp;<\/h5>\n<h5>CMMVL<\/h5>\n<p style=\"text-align: left;\"><strong>Mr Pierre-Luc Nadeau<\/strong><br \/>\nFarm located in Saint-Isidore<br \/>\n(Chaudi\u00e8re-Appalaches)<\/p>\n<\/td>\n<\/tr>\n<tr>\n<td style=\"width: 50%;\">\n<h5><img loading=\"lazy\" decoding=\"async\" class=\"alignleft wp-image-11597 size-large\" src=\"https:\/\/bovin.qc.ca\/wp-content\/uploads\/2020\/12\/Steve_Beaudry_202012_200x256-100x128.jpg\" alt=\"\" width=\"100\" height=\"128\"><\/h5>\n<h5>&nbsp;<\/h5>\n<h5>Mauricie<\/h5>\n<p style=\"text-align: left;\"><strong>Mr Steve Beaudry<\/strong><br \/>\nFarm located in Yamachiche<\/p>\n<\/td>\n<td style=\"width: 50%;\">\n<h5><img loading=\"lazy\" decoding=\"async\" class=\"alignleft wp-image-11581 size-large\" src=\"https:\/\/bovin.qc.ca\/wp-content\/uploads\/2020\/12\/Andre_Roy_2_202012_200x256-100x128.jpg\" alt=\"\" width=\"100\" height=\"128\"><\/h5>\n<h5>&nbsp;<\/h5>\n<h5>Executive director<\/h5>\n<p style=\"text-align: left;\"><strong>Mr Andr\u00e9 Roy<\/strong><\/p>\n<\/td>\n<\/tr>\n<\/tbody>\n<\/table>\n","protected":false},"excerpt":{"rendered":"<p>2022-2023 Board members &nbsp; Chairman Mr Jean-Thomas Maltais Farm located in Saguenay (Chicoutimi&#8217;s borough) &nbsp; &nbsp; Abitibi-T\u00e9miscamingue Mr Vincent Boisvert Farm located in Landrienne &nbsp; Mont\u00e9r\u00e9gie-Est Mr Jean-Marc M\u00e9nard Farm located in Sainte-Christine &nbsp; Bas-Saint-Laurent Mr Daniel Reichenbach Farm located in Saint-Ulric &nbsp; Mont\u00e9r\u00e9gie-Ouest Mr Kirk Jackson Farm located in Saint-Anicet &nbsp; Capitale-Nationale\u2212C\u00f4te-Nord Mr Philippe [&#8230;]<\/p>\n","protected":false},"author":6,"featured_media":0,"parent":0,"menu_order":0,"comment_status":"closed","ping_status":"closed","template":"","meta":{"ngg_post_thumbnail":0,"footnotes":""},"class_list":["post-14658","page","type-page","status-publish","hentry"],"_links":{"self":[{"href":"https:\/\/bovin.qc.ca\/en\/wp-json\/wp\/v2\/pages\/14658","targetHints":{"allow":["GET"]}}],"collection":[{"href":"https:\/\/bovin.qc.ca\/en\/wp-json\/wp\/v2\/pages"}],"about":[{"href":"https:\/\/bovin.qc.ca\/en\/wp-json\/wp\/v2\/types\/page"}],"author":[{"embeddable":true,"href":"https:\/\/bovin.qc.ca\/en\/wp-json\/wp\/v2\/users\/6"}],"replies":[{"embeddable":true,"href":"https:\/\/bovin.qc.ca\/en\/wp-json\/wp\/v2\/comments?post=14658"}],"version-history":[{"count":2,"href":"https:\/\/bovin.qc.ca\/en\/wp-json\/wp\/v2\/pages\/14658\/revisions"}],"predecessor-version":[{"id":14660,"href":"https:\/\/bovin.qc.ca\/en\/wp-json\/wp\/v2\/pages\/14658\/revisions\/14660"}],"wp:attachment":[{"href":"https:\/\/bovin.qc.ca\/en\/wp-json\/wp\/v2\/media?parent=14658"}],"curies":[{"name":"wp","href":"https:\/\/api.w.org\/{rel}","templated":true}]}}