{"id":13399,"date":"2021-12-16T15:53:53","date_gmt":"2021-12-16T20:53:53","guid":{"rendered":"https:\/\/bovin.qc.ca\/?page_id=13399"},"modified":"2022-02-07T09:14:11","modified_gmt":"2022-02-07T14:14:11","slug":"agr-2022","status":"publish","type":"page","link":"https:\/\/bovin.qc.ca\/en\/agr-2022\/","title":{"rendered":"Assembl\u00e9es g\u00e9n\u00e9rales annuelles r\u00e9gionales 2022"},"content":{"rendered":"<h1><a id=\"top\"><\/a><div class=\"newsletter_subscription_box\"><a class=\"newsletter_subscription_link\" href=\"https:\/\/bovin.qc.ca\/abonnement\/\"><div class=\"left_side\"><img decoding=\"async\" src=\"https:\/\/bovin.qc.ca\/wp-content\/themes\/bovins\/images\/infolettre_icon.png\" class=\"newsletter_icon\" \/><\/div><div class=\"right_side\"><p class=\"newsletter_sub_text\">Vous n'\u00eates pas abonn\u00e9 \u00e0 notre infolettre?<br \/>Cliquez ici.<\/p><\/div><div style=\"clear:both;\"><\/div><\/a><\/div><\/h1>\n<h1 style=\"text-align: left;\"><strong>2022 REGIONAL ANNUAL GENERAL MEETINGS<\/strong><\/h1>\n<p><img loading=\"lazy\" decoding=\"async\" class=\"size-full wp-image-13410 aligncenter\" src=\"https:\/\/bovin.qc.ca\/wp-content\/uploads\/2021\/12\/BOV054_banniere_600x60_sans_EN.jpg\" alt=\"\" width=\"600\" height=\"60\" srcset=\"https:\/\/bovin.qc.ca\/wp-content\/uploads\/2021\/12\/BOV054_banniere_600x60_sans_EN.jpg 600w, https:\/\/bovin.qc.ca\/wp-content\/uploads\/2021\/12\/BOV054_banniere_600x60_sans_EN-300x30.jpg 300w\" sizes=\"auto, (max-width: 600px) 100vw, 600px\" \/><\/p>\n<p style=\"text-align: left;\"><strong>Please refer to the meeting notice for more details or contact your <a href=\"https:\/\/bovin.qc.ca\/en\/contact-us\/\" target=\"_blank\" rel=\"noopener\">regional secretary<\/a>.&nbsp;<\/strong><\/p>\n<h3 style=\"text-align: left;\"><strong><u>Date and Location : click on your region<\/u>\u2193<\/strong><\/h3>\n<ul>\n<li style=\"text-align: left;\"><strong><a href=\"https:\/\/bovin.qc.ca\/en\/information-meeting-for-cattle-producers\/\" target=\"_blank\" rel=\"noopener\">INFORMATION MEETING FOR CATTLE PRODUCERS (VIRTUAL)<\/a><\/strong><\/li>\n<li style=\"text-align: left;\"><a href=\"#ABITIBI\"><strong>ABITIBI-T\u00c9MISCAMINGUE<\/strong><\/a><\/li>\n<li style=\"text-align: left;\"><a href=\"#BAS\"><strong>BAS-SAINT-LAURENT<\/strong><\/a><\/li>\n<li style=\"text-align: left;\"><a href=\"#CAPITALE\"><strong>CAPITALE-NATIONALE\u2013C\u00d4TE-NORD<\/strong><\/a><\/li>\n<li style=\"text-align: left;\"><a href=\"#CENTRE\"><strong>CENTRE-DU-QU\u00c9BEC<\/strong><\/a><\/li>\n<li style=\"text-align: left;\"><a href=\"#CHAUDIERENORD\"><strong>CHAUDI\u00c8RE-APPALACHES NORD<\/strong><\/a><\/li>\n<li style=\"text-align: left;\"><a href=\"#CHAUDIERESUD\"><strong>CHAUDI\u00c8RE-APPALACHES-SUD<\/strong><\/a><\/li>\n<li style=\"text-align: left;\"><a href=\"#ESTRIE\"><strong>ESTRIE<\/strong><\/a><\/li>\n<li style=\"text-align: left;\"><a href=\"#GASPESIE\"><strong>GASP\u00c9SIE-LES \u00ceLES<\/strong><\/a><\/li>\n<li style=\"text-align: left;\"><a href=\"#LANAU\"><strong>LANAUDI\u00c8RE<\/strong><\/a><\/li>\n<li style=\"text-align: left;\"><a href=\"#MAU\"><strong>MAURICIE<\/strong><\/a><\/li>\n<li style=\"text-align: left;\"><a href=\"#MONTEEST\"><strong>MONT\u00c9R\u00c9GIE-EST<\/strong><\/a><\/li>\n<li style=\"text-align: left;\"><a href=\"#MONTEOUEST\"><strong>MONT\u00c9R\u00c9GIE-OUEST<\/strong><\/a><\/li>\n<li style=\"text-align: left;\"><a href=\"#OUTA\"><strong>OUTAOUAIS-LAURENTIDES<\/strong><\/a><\/li>\n<li style=\"text-align: left;\"><a href=\"#SAGLAC\"><strong>SAGUENAY-LAC-SAINT-JEAN<\/strong><\/a><a id=\"ABITIBI\"><\/a><\/li>\n<\/ul>\n<p>&nbsp;<\/p>\n<hr>\n<h2><strong>ABITIBI-T\u00c9MISCAMINGUE<\/strong><\/h2>\n<ul>\n<li><strong>Regional Annual General Meeting: February 17th, 2022 at 1:30 pm (VIRTUAL)<\/strong>\n<ul>\n<li>Please refer to the meeting notice for more details or contact your <a href=\"https:\/\/bovin.qc.ca\/en\/contact-us\/\" target=\"_blank\" rel=\"noopener\">regional secretary<\/a>.&nbsp;<\/li>\n<\/ul>\n<\/li>\n<\/ul>\n<p><a href=\"#top\">Back to top<\/a><a id=\"BAS\"><\/a><\/p>\n<hr>\n<h2><strong>BAS-SAINT-LAURENT<\/strong><\/h2>\n<ul>\n<li><strong>Regional Annual General Meeting: February 16th, 2022 \u00e0 1:30 pm (VIRTUAL)<\/strong>\n<ul>\n<li>Please refer to the meeting notice for more details or contact your <a href=\"https:\/\/bovin.qc.ca\/en\/contact-us\/\" target=\"_blank\" rel=\"noopener\">regional secretary<\/a>.&nbsp;<\/li>\n<\/ul>\n<\/li>\n<\/ul>\n<p>This region also helds virtual category meetings:&nbsp;<\/p>\n<ul>\n<li>Category Meeting (Feeder calf): January 26th, 2022 at 1:30 pm\n<ul>\n<li>Please refer to the meeting notice for more details or contact your <a href=\"https:\/\/bovin.qc.ca\/en\/contact-us\/\" target=\"_blank\" rel=\"noopener\">regional secretary<\/a>.&nbsp;<\/li>\n<\/ul>\n<\/li>\n<li>Category Meeting (Cull Cattle and Dairy Bob Calves): February 2nd, 2022 at 1:30 pm\n<ul>\n<li>Please refer to the meeting notice for more details or contact your <a href=\"https:\/\/bovin.qc.ca\/en\/contact-us\/\" target=\"_blank\" rel=\"noopener\">regional secretary<\/a>.&nbsp;<\/li>\n<\/ul>\n<\/li>\n<li>Category Meeting (Fed Cattle): February 9th, 2022 at 7:30 pm\n<ul>\n<li>Please refer to the meeting notice for more details or contact your <a href=\"https:\/\/bovin.qc.ca\/en\/contact-us\/\" target=\"_blank\" rel=\"noopener\">regional secretary<\/a>.&nbsp;<\/li>\n<\/ul>\n<\/li>\n<li>Category Meeting (Grain-Fed Veal): February 15th, 2022 at 7:30 pm\n<ul>\n<li>Please refer to the meeting notice for more details or contact your <a href=\"https:\/\/bovin.qc.ca\/en\/contact-us\/\" target=\"_blank\" rel=\"noopener\">regional secretary<\/a>.&nbsp;<\/li>\n<\/ul>\n<\/li>\n<\/ul>\n<p><a href=\"#top\">Back to top<\/a><a id=\"CAPITALE\"><\/a><\/p>\n<hr>\n<h2><strong>CAPITALE-NATIONALE\u2013C\u00d4TE-NORD<\/strong><\/h2>\n<ul>\n<li><strong>Regional Annual General Meeting: February 1st, 2022 at 1 pm (VIRTUAL)<\/strong>\n<ul>\n<li>Please refer to the meeting notice for more details or contact your <a href=\"https:\/\/bovin.qc.ca\/en\/contact-us\/\" target=\"_blank\" rel=\"noopener\">regional secretary<\/a>.&nbsp;<\/li>\n<\/ul>\n<\/li>\n<\/ul>\n<p><a href=\"#top\">Back to top<\/a><a id=\"CENTRE\"><\/a><\/p>\n<hr>\n<h2><strong>CENTRE-DU-QU\u00c9BEC<\/strong><\/h2>\n<ul>\n<li><strong>Regional Annual General Meeting: February 10th, 2022 at 12:30 pm (VIRTUAL)<\/strong>\n<ul>\n<li>Please refer to the meeting notice for more details or contact your <a href=\"https:\/\/bovin.qc.ca\/en\/contact-us\/\" target=\"_blank\" rel=\"noopener\">regional secretary<\/a>.&nbsp;<\/li>\n<\/ul>\n<\/li>\n<\/ul>\n<p>This region also helds virtual category meetings:&nbsp;<\/p>\n<ul>\n<li>Category Meeting (Cull Cattle and Dairy Bob Calves): January 26th, 2022 at 7 pm\n<ul>\n<li>Please refer to the meeting notice for more details or contact your <a href=\"https:\/\/bovin.qc.ca\/en\/contact-us\/\" target=\"_blank\" rel=\"noopener\">regional secretary<\/a>.&nbsp;<\/li>\n<\/ul>\n<\/li>\n<li>Category Meeting (Feeder Calf and Fed Cattle): January 31st, 2022 at 7 pm\n<ul>\n<li>Please refer to the meeting notice for more details or contact your <a href=\"https:\/\/bovin.qc.ca\/en\/contact-us\/\" target=\"_blank\" rel=\"noopener\">regional secretary<\/a>.&nbsp;<\/li>\n<\/ul>\n<\/li>\n<li>Category Meeting (Grain-Fed Veal and Milk-Fed Veal): February 2nd, 2022 at 7 pm\n<ul>\n<li>Please refer to the meeting notice for more details or contact your <a href=\"https:\/\/bovin.qc.ca\/en\/contact-us\/\" target=\"_blank\" rel=\"noopener\">regional secretary<\/a>.&nbsp;<\/li>\n<\/ul>\n<\/li>\n<\/ul>\n<p><a href=\"#top\">Back to top<\/a>&nbsp;<a id=\"CHAUDIERENORD\"><\/a><\/p>\n<hr>\n<h2><strong>CHAUDI\u00c8RE-APPALACHES NORD<\/strong><\/h2>\n<ul>\n<li><strong>Regional Annual General Meeting: February 16th, 2022 at 10 am (VIRTUAL)<\/strong>\n<ul>\n<li>Please refer to the meeting notice for more details or contact your <a href=\"https:\/\/bovin.qc.ca\/en\/contact-us\/\" target=\"_blank\" rel=\"noopener\">regional secretary<\/a>.&nbsp;<\/li>\n<\/ul>\n<\/li>\n<\/ul>\n<p><a href=\"#top\">Back to top<\/a>&nbsp;<a id=\"CHAUDIERESUD\"><\/a><\/p>\n<hr>\n<h2><strong>CHAUDI\u00c8RE-APPALACHES SUD<\/strong><\/h2>\n<ul>\n<li><strong>Regional Annual General Meeting: February 9th, 2022 at 10 am (VIRTUAL)<\/strong>\n<ul>\n<li>Please refer to the meeting notice for more details or contact your <a href=\"https:\/\/bovin.qc.ca\/en\/contact-us\/\" target=\"_blank\" rel=\"noopener\">regional secretary<\/a>.&nbsp;<\/li>\n<\/ul>\n<\/li>\n<\/ul>\n<p><a href=\"#top\">Back to top<\/a>&nbsp;<a id=\"ESTRIE\"><\/a><\/p>\n<hr>\n<h2><strong>ESTRIE<\/strong><\/h2>\n<ul>\n<li><strong>Regional Annual General Meeting: February 8th, 2022 at 10 am (VIRTUAL)<\/strong>\n<ul>\n<li>Please refer to the meeting notice for more details or contact your <a href=\"https:\/\/bovin.qc.ca\/en\/contact-us\/\" target=\"_blank\" rel=\"noopener\">regional secretary<\/a>.&nbsp;<\/li>\n<\/ul>\n<\/li>\n<\/ul>\n<p><a href=\"#top\">Back to top<\/a><a id=\"GASPESIE\"><\/a><\/p>\n<hr>\n<h2><strong>GASP\u00c9SIE-LES \u00ceLES<\/strong><\/h2>\n<ul>\n<li><strong>Regional Annual General Meeting: February 15th, 2022 at 1:30 pm (VIRTUAL)<\/strong>\n<ul>\n<li>Please refer to the meeting notice for more details or contact your <a href=\"https:\/\/bovin.qc.ca\/en\/contact-us\/\" target=\"_blank\" rel=\"noopener\">regional secretary<\/a>.&nbsp;<\/li>\n<\/ul>\n<\/li>\n<\/ul>\n<p><a href=\"#top\">Back to top<\/a>&nbsp;<a id=\"LANAU\"><\/a><\/p>\n<hr>\n<h2><strong>LANAUDI\u00c8RE<\/strong><\/h2>\n<ul>\n<li><strong>Regional Annual General Meeting: February 9th, 2022 at 9:30 am (VIRTUAL)<\/strong>\n<ul>\n<li>Please refer to the meeting notice for more details or contact your <a href=\"https:\/\/bovin.qc.ca\/en\/contact-us\/\" target=\"_blank\" rel=\"noopener\">regional secretary<\/a>.<\/li>\n<\/ul>\n<\/li>\n<\/ul>\n<p><a href=\"#top\">Back to top<\/a>&nbsp;<a id=\"MAU\"><\/a><\/p>\n<hr>\n<h2><strong>MAURICIE<\/strong><\/h2>\n<ul>\n<li><strong>Regional Annual General Meeting: February 3rd, 2022 at 7 pm (VIRTUAL)<\/strong>\n<ul>\n<li>Please refer to the meeting notice for more details or contact your <a href=\"https:\/\/bovin.qc.ca\/en\/contact-us\/\" target=\"_blank\" rel=\"noopener\">regional secretary<\/a>.&nbsp;<\/li>\n<\/ul>\n<\/li>\n<\/ul>\n<p><a href=\"#top\">Back to top<\/a><a id=\"MONTEEST\"><\/a><\/p>\n<hr>\n<h2><strong>MONT\u00c9R\u00c9GIE-EST<\/strong><\/h2>\n<ul>\n<li><strong>Regional Annual General Meeting: February 14th, 2022 at noon (VIRTUAL)<\/strong>\n<ul>\n<li>Please refer to the meeting notice for more details or contact your <a href=\"https:\/\/bovin.qc.ca\/en\/contact-us\/\" target=\"_blank\" rel=\"noopener\">regional secretary<\/a>.&nbsp;<\/li>\n<\/ul>\n<\/li>\n<\/ul>\n<p><a href=\"#top\">Back to top<\/a>&nbsp;<a id=\"MONTEOUEST\"><\/a><\/p>\n<hr>\n<h2><strong>MONT\u00c9R\u00c9GIE-OUEST<\/strong><\/h2>\n<ul>\n<li><strong>Regional Annual General Meeting: February 10th, 2022 at noon (VIRTUAL)<\/strong>\n<ul>\n<li>Please refer to the meeting notice for more details or contact your <a href=\"https:\/\/bovin.qc.ca\/en\/contact-us\/\" target=\"_blank\" rel=\"noopener\">regional secretary<\/a>.&nbsp;<\/li>\n<\/ul>\n<\/li>\n<\/ul>\n<p><a href=\"#top\">Back to top<\/a>&nbsp;<a id=\"OUTA\"><\/a><\/p>\n<hr>\n<h2><strong>OUTAOUAIS-LAURENTIDES<\/strong><\/h2>\n<ul>\n<li><strong>Regional Annual General Meeting: February 10th, 2022 at 7 pm (VIRTUAL)<\/strong>\n<ul>\n<li>Held via Zoom in both French and English simultaneously<\/li>\n<li>Please refer to the meeting notice for more details or contact your <a href=\"https:\/\/bovin.qc.ca\/en\/contact-us\/\" target=\"_blank\" rel=\"noopener\">regional secretary<\/a>.&nbsp;<\/li>\n<\/ul>\n<\/li>\n<\/ul>\n<p><a href=\"#top\">Back to top<\/a><a id=\"SAGLAC\"><\/a><\/p>\n<hr>\n<p>&nbsp;<\/p>\n<h2><strong>SAGUENAY-LAC-SAINT-JEAN<\/strong><\/h2>\n<ul>\n<li><strong>Regional Annual General Meeting: February 2nd, 2022 at 9:30 am (VIRTUAL)<\/strong>\n<ul>\n<li>Please refer to the meeting notice for more details or contact your <a href=\"https:\/\/bovin.qc.ca\/en\/contact-us\/\" target=\"_blank\" rel=\"noopener\">regional secretary<\/a>.&nbsp;<\/li>\n<\/ul>\n<\/li>\n<\/ul>\n<p><a href=\"#top\">Back to top<\/a><\/p>\n","protected":false},"excerpt":{"rendered":"<p>2022 REGIONAL ANNUAL GENERAL MEETINGS Please refer to the meeting notice for more details or contact your regional secretary.&nbsp; Date and Location : click on your region\u2193 INFORMATION MEETING FOR CATTLE PRODUCERS (VIRTUAL) ABITIBI-T\u00c9MISCAMINGUE BAS-SAINT-LAURENT CAPITALE-NATIONALE\u2013C\u00d4TE-NORD CENTRE-DU-QU\u00c9BEC CHAUDI\u00c8RE-APPALACHES NORD CHAUDI\u00c8RE-APPALACHES-SUD ESTRIE GASP\u00c9SIE-LES \u00ceLES LANAUDI\u00c8RE MAURICIE MONT\u00c9R\u00c9GIE-EST MONT\u00c9R\u00c9GIE-OUEST OUTAOUAIS-LAURENTIDES SAGUENAY-LAC-SAINT-JEAN &nbsp; ABITIBI-T\u00c9MISCAMINGUE Regional Annual General Meeting: [&#8230;]<\/p>\n","protected":false},"author":6,"featured_media":0,"parent":0,"menu_order":0,"comment_status":"closed","ping_status":"closed","template":"","meta":{"ngg_post_thumbnail":0,"footnotes":""},"class_list":["post-13399","page","type-page","status-publish","hentry"],"_links":{"self":[{"href":"https:\/\/bovin.qc.ca\/en\/wp-json\/wp\/v2\/pages\/13399","targetHints":{"allow":["GET"]}}],"collection":[{"href":"https:\/\/bovin.qc.ca\/en\/wp-json\/wp\/v2\/pages"}],"about":[{"href":"https:\/\/bovin.qc.ca\/en\/wp-json\/wp\/v2\/types\/page"}],"author":[{"embeddable":true,"href":"https:\/\/bovin.qc.ca\/en\/wp-json\/wp\/v2\/users\/6"}],"replies":[{"embeddable":true,"href":"https:\/\/bovin.qc.ca\/en\/wp-json\/wp\/v2\/comments?post=13399"}],"version-history":[{"count":18,"href":"https:\/\/bovin.qc.ca\/en\/wp-json\/wp\/v2\/pages\/13399\/revisions"}],"predecessor-version":[{"id":31024,"href":"https:\/\/bovin.qc.ca\/en\/wp-json\/wp\/v2\/pages\/13399\/revisions\/31024"}],"wp:attachment":[{"href":"https:\/\/bovin.qc.ca\/en\/wp-json\/wp\/v2\/media?parent=13399"}],"curies":[{"name":"wp","href":"https:\/\/api.w.org\/{rel}","templated":true}]}}