{"id":11663,"date":"2021-01-05T11:06:12","date_gmt":"2021-01-05T16:06:12","guid":{"rendered":"https:\/\/bovin.qc.ca\/?page_id=11663"},"modified":"2021-01-05T11:06:12","modified_gmt":"2021-01-05T16:06:12","slug":"assemblees-generales-annuelles-regionales-et-assemblees-de-categories-2021","status":"publish","type":"page","link":"https:\/\/bovin.qc.ca\/en\/assemblees-generales-annuelles-regionales-et-assemblees-de-categories-2021\/","title":{"rendered":"Assembl\u00e9es g\u00e9n\u00e9rales annuelles r\u00e9gionales et assembl\u00e9es de cat\u00e9gories 2021"},"content":{"rendered":"","protected":false},"excerpt":{"rendered":"","protected":false},"author":6,"featured_media":0,"parent":0,"menu_order":0,"comment_status":"closed","ping_status":"closed","template":"","meta":{"ngg_post_thumbnail":0,"footnotes":""},"class_list":["post-11663","page","type-page","status-publish","hentry"],"_links":{"self":[{"href":"https:\/\/bovin.qc.ca\/en\/wp-json\/wp\/v2\/pages\/11663","targetHints":{"allow":["GET"]}}],"collection":[{"href":"https:\/\/bovin.qc.ca\/en\/wp-json\/wp\/v2\/pages"}],"about":[{"href":"https:\/\/bovin.qc.ca\/en\/wp-json\/wp\/v2\/types\/page"}],"author":[{"embeddable":true,"href":"https:\/\/bovin.qc.ca\/en\/wp-json\/wp\/v2\/users\/6"}],"replies":[{"embeddable":true,"href":"https:\/\/bovin.qc.ca\/en\/wp-json\/wp\/v2\/comments?post=11663"}],"version-history":[{"count":1,"href":"https:\/\/bovin.qc.ca\/en\/wp-json\/wp\/v2\/pages\/11663\/revisions"}],"predecessor-version":[{"id":11664,"href":"https:\/\/bovin.qc.ca\/en\/wp-json\/wp\/v2\/pages\/11663\/revisions\/11664"}],"wp:attachment":[{"href":"https:\/\/bovin.qc.ca\/en\/wp-json\/wp\/v2\/media?parent=11663"}],"curies":[{"name":"wp","href":"https:\/\/api.w.org\/{rel}","templated":true}]}}