{"id":11304,"date":"2020-11-04T15:38:19","date_gmt":"2020-11-04T20:38:19","guid":{"rendered":"https:\/\/bovin.qc.ca\/?page_id=11304"},"modified":"2020-11-05T04:46:49","modified_gmt":"2020-11-05T09:46:49","slug":"inscription-a-laga-2021","status":"publish","type":"page","link":"https:\/\/bovin.qc.ca\/en\/inscription-a-laga-2021\/","title":{"rendered":"Inscription \u00e0 l&#8217;AGA 2021"},"content":{"rendered":"<h1>39<sup>e<\/sup> assembl\u00e9e g\u00e9n\u00e9rale annuelle &#8211;&nbsp;6 et 7 avril 2021<\/h1>\n<p>L\u2019assembl\u00e9e se tiendra cette ann\u00e9e sur la plateforme ZOOM. Afin d&#8217;assurer le bon fonctionnement des ateliers, vous devrez vous connecter \u00e0 ZOOM avec l&#8217;adresse courriel fournie lors de l&#8217;inscription. <a href=\"https:\/\/zoom.us\/signup\" target=\"_blank\" rel=\"noopener\" data-cke-saved-href=\"https:\/\/zoom.us\/signup\"><strong>Cr\u00e9ez gratuitement un compte ZOOM d\u00e8s maintenant.<\/strong><\/a><\/p>\n<h2>Formulaire d&#8217;inscription<\/h2>\n\n<div class=\"wpcf7 no-js\" id=\"wpcf7-f11303-o1\" lang=\"fr-FR\" dir=\"ltr\" data-wpcf7-id=\"11303\">\n<div class=\"screen-reader-response\"><p role=\"status\" aria-live=\"polite\" aria-atomic=\"true\"><\/p> <ul><\/ul><\/div>\n<form action=\"\/en\/wp-json\/wp\/v2\/pages\/11304#wpcf7-f11303-o1\" method=\"post\" class=\"wpcf7-form init\" aria-label=\"Formulaire de contact\" novalidate=\"novalidate\" data-status=\"init\">\n<fieldset class=\"hidden-fields-container\"><input type=\"hidden\" name=\"_wpcf7\" value=\"11303\" \/><input type=\"hidden\" name=\"_wpcf7_version\" value=\"6.1.5\" \/><input type=\"hidden\" name=\"_wpcf7_locale\" value=\"fr_FR\" \/><input type=\"hidden\" name=\"_wpcf7_unit_tag\" value=\"wpcf7-f11303-o1\" \/><input type=\"hidden\" name=\"_wpcf7_container_post\" value=\"0\" \/><input type=\"hidden\" name=\"_wpcf7_posted_data_hash\" value=\"\" \/><input type=\"hidden\" name=\"_wpcf7_recaptcha_response\" value=\"\" \/>\n<\/fieldset>\n<p>Pr\u00e9nom (obligatoire)<br \/>\n<span class=\"wpcf7-form-control-wrap\" data-name=\"your-first\"><input size=\"40\" maxlength=\"400\" class=\"wpcf7-form-control wpcf7-text wpcf7-validates-as-required\" aria-required=\"true\" aria-invalid=\"false\" value=\"\" type=\"text\" name=\"your-first\" \/><\/span>\n<\/p>\n<p>Nom (obligatoire)<br \/>\n<span class=\"wpcf7-form-control-wrap\" data-name=\"your-name\"><input size=\"40\" maxlength=\"400\" class=\"wpcf7-form-control wpcf7-text wpcf7-validates-as-required\" aria-required=\"true\" aria-invalid=\"false\" value=\"\" type=\"text\" name=\"your-name\" \/><\/span>\n<\/p>\n<p>Adresse de courriel (obligatoire)<br \/>\n<span class=\"wpcf7-form-control-wrap\" data-name=\"your-email\"><input size=\"40\" maxlength=\"400\" class=\"wpcf7-form-control wpcf7-email wpcf7-validates-as-required wpcf7-text wpcf7-validates-as-email\" aria-required=\"true\" aria-invalid=\"false\" value=\"\" type=\"email\" name=\"your-email\" \/><\/span>\n<\/p>\n<p>Nom de l'entreprise (obligatoire)<br \/>\n<span class=\"wpcf7-form-control-wrap\" data-name=\"Votreentreprise\"><input size=\"40\" maxlength=\"400\" class=\"wpcf7-form-control wpcf7-text wpcf7-validates-as-required\" aria-required=\"true\" aria-invalid=\"false\" value=\"\" type=\"text\" name=\"Votreentreprise\" \/><\/span>\n<\/p>\n<p>Dans quel atelier souhaitez-vous participer - un seul choix possible (obligatoire)<br \/>\n<span class=\"wpcf7-form-control-wrap\" data-name=\"Atelier\"><span class=\"wpcf7-form-control wpcf7-checkbox wpcf7-validates-as-required wpcf7-exclusive-checkbox\"><span class=\"wpcf7-list-item first\"><input type=\"checkbox\" name=\"Atelier\" value=\"Bovin de r\u00e9forme et veau laitier\" \/><span class=\"wpcf7-list-item-label\">Bovin de r\u00e9forme et veau laitier<\/span><\/span><span class=\"wpcf7-list-item\"><input type=\"checkbox\" name=\"Atelier\" value=\"Veau de grain\" \/><span class=\"wpcf7-list-item-label\">Veau de grain<\/span><\/span><span class=\"wpcf7-list-item\"><input type=\"checkbox\" name=\"Atelier\" value=\"Veau d&#039;embouche\" \/><span class=\"wpcf7-list-item-label\">Veau d&#039;embouche<\/span><\/span><span class=\"wpcf7-list-item\"><input type=\"checkbox\" name=\"Atelier\" value=\"Veau de lait\" \/><span class=\"wpcf7-list-item-label\">Veau de lait<\/span><\/span><span class=\"wpcf7-list-item last\"><input type=\"checkbox\" name=\"Atelier\" value=\"Bouvillon d&#039;abattage\" \/><span class=\"wpcf7-list-item-label\">Bouvillon d&#039;abattage<\/span><\/span><\/span><\/span>\n<\/p>\n<p><input class=\"wpcf7-form-control wpcf7-submit has-spinner\" type=\"submit\" value=\"Envoyer\" \/>\n<\/p><p style=\"display: none !important;\" class=\"akismet-fields-container\" data-prefix=\"_wpcf7_ak_\"><label>&#916;<textarea name=\"_wpcf7_ak_hp_textarea\" cols=\"45\" rows=\"8\" maxlength=\"100\"><\/textarea><\/label><input type=\"hidden\" id=\"ak_js_1\" name=\"_wpcf7_ak_js\" value=\"62\"\/><script type=\"text\/javascript\">\n\/* <![CDATA[ *\/\ndocument.getElementById( \"ak_js_1\" ).setAttribute( \"value\", ( new Date() ).getTime() );\n\/* ]]> *\/\n<\/script>\n<\/p><div class=\"wpcf7-response-output\" aria-hidden=\"true\"><\/div>\n<\/form>\n<\/div>\n\n","protected":false},"excerpt":{"rendered":"<p>39e assembl\u00e9e g\u00e9n\u00e9rale annuelle &#8211;&nbsp;6 et 7 avril 2021 L\u2019assembl\u00e9e se tiendra cette ann\u00e9e sur la plateforme ZOOM. Afin d&#8217;assurer le bon fonctionnement des ateliers, vous devrez vous connecter \u00e0 ZOOM avec l&#8217;adresse courriel fournie lors de l&#8217;inscription. Cr\u00e9ez gratuitement un compte ZOOM d\u00e8s maintenant. Formulaire d&#8217;inscription<\/p>\n","protected":false},"author":6,"featured_media":0,"parent":0,"menu_order":0,"comment_status":"closed","ping_status":"closed","template":"","meta":{"ngg_post_thumbnail":0,"footnotes":""},"class_list":["post-11304","page","type-page","status-publish","hentry"],"_links":{"self":[{"href":"https:\/\/bovin.qc.ca\/en\/wp-json\/wp\/v2\/pages\/11304","targetHints":{"allow":["GET"]}}],"collection":[{"href":"https:\/\/bovin.qc.ca\/en\/wp-json\/wp\/v2\/pages"}],"about":[{"href":"https:\/\/bovin.qc.ca\/en\/wp-json\/wp\/v2\/types\/page"}],"author":[{"embeddable":true,"href":"https:\/\/bovin.qc.ca\/en\/wp-json\/wp\/v2\/users\/6"}],"replies":[{"embeddable":true,"href":"https:\/\/bovin.qc.ca\/en\/wp-json\/wp\/v2\/comments?post=11304"}],"version-history":[{"count":5,"href":"https:\/\/bovin.qc.ca\/en\/wp-json\/wp\/v2\/pages\/11304\/revisions"}],"predecessor-version":[{"id":11309,"href":"https:\/\/bovin.qc.ca\/en\/wp-json\/wp\/v2\/pages\/11304\/revisions\/11309"}],"wp:attachment":[{"href":"https:\/\/bovin.qc.ca\/en\/wp-json\/wp\/v2\/media?parent=11304"}],"curies":[{"name":"wp","href":"https:\/\/api.w.org\/{rel}","templated":true}]}}